{"id":383,"date":"2025-03-24T13:42:00","date_gmt":"2025-03-24T13:42:00","guid":{"rendered":"https:\/\/wempos.com\/?page_id=383"},"modified":"2025-05-04T16:17:25","modified_gmt":"2025-05-04T16:17:25","slug":"packaging","status":"publish","type":"page","link":"https:\/\/wempos.com\/de\/packaging\/","title":{"rendered":"Verpackung"},"content":{"rendered":"<section class=\"bde-section-383-100 bde-section\">\n  \n  \n\t\n\n\n\n<div class=\"section-container\"><div class=\"bde-div-383-101 bde-div\">\n  \n  \n\t\n\n\n\n<div class=\"bde-columns-383-102 bde-columns\"><div class=\"bde-column-383-103 bde-column\">\n  \n  \n\t\n\n\n\n<h1 class=\"bde-heading-383-104 bde-heading\">\nIndustrielle Verpackung mit Fokus auf das, was wirklich z\u00e4hlt\u2028\n<\/h1><div class=\"bde-rich-text-383-205 bde-rich-text breakdance-rich-text-styles\">\n<p><span style=\"font-weight: 400;\">Wir verbinden Unternehmen mit vertrauensw\u00fcrdigen europ\u00e4ischen Herstellern von industriellen Papiers\u00e4cken \u2013 von offenen S\u00e4cken bis zu Ventils\u00e4cken und komplexen, mehrlagigen Konfigurationen.<\/span><\/p>\n<p><span style=\"font-weight: 400;\">Dar\u00fcber hinaus unterst\u00fctzen wir unsere Kunden mit papierbasierten Verpackungsl\u00f6sungen, einschlie\u00dflich Faltschachteln und ma\u00dfgeschneiderten Kartonformaten f\u00fcr Konsum- und Einzelhandelsprodukte.<\/span><\/p>\n<p><span style=\"font-weight: 400;\">Mit \u00fcber zwanzig Jahren Erfahrung im Verpackungssourcing und in der Agenturt\u00e4tigkeit helfen wir Ihnen dabei:<\/span><\/p>\n<ul>\n<li style=\"font-weight: 400;\" aria-level=\"1\"><span style=\"font-weight: 400;\">den richtigen Lieferanten zu finden<\/span><\/li>\n<li style=\"font-weight: 400;\" aria-level=\"1\"><span style=\"font-weight: 400;\">technische und kaufm\u00e4nnische Anforderungen zu koordinieren<\/span><\/li>\n<li style=\"font-weight: 400;\" aria-level=\"1\"><span style=\"font-weight: 400;\">eine zuverl\u00e4ssige Lieferung und langfristige Performance sicherzustellen<\/span><\/li>\n<\/ul>\n<p><span style=\"font-weight: 400;\">Ganz gleich, ob Sie Pulver, Getreide, Zement oder Fertigprodukte verpacken \u2013 wir sorgen daf\u00fcr, dass Ihre Verpackung funktioniert.<\/span><\/p>\n<\/div>\n<\/div><\/div>\n<\/div><\/div>\n<\/section><section class=\"bde-section-383-161 bde-section\">\n  \n  \n\t\n\n\n\n<div class=\"section-container\"><div class=\"bde-columns-383-162 bde-columns\"><div class=\"bde-column-383-163 bde-column\">\n  \n  \n\t\n\n\n\n<h2 class=\"bde-heading-383-164 bde-heading\">\nIndustrielle Papiers\u00e4cke <br>\n<\/h2><h3 class=\"bde-heading-383-208 bde-heading\">\nAgentur-Know-how f\u00fcr die Region\n<\/h3><div class=\"bde-rich-text-383-203 bde-rich-text breakdance-rich-text-styles\">\n<p><span style=\"font-weight: 400;\">Wempos agiert als offizielle Handelsvertretung f\u00fcr einen f\u00fchrenden europ\u00e4ischen Hersteller von industriellen Papiers\u00e4cken \u2013 mit Kunden in Slowenien, Kroatien, Serbien und angrenzenden M\u00e4rkten.<\/span><b>.<\/b><\/p>\n<p><span style=\"font-weight: 400;\">Wir sind auf zwei Hauptprodukttypen spezialisiert:<\/span><\/p>\n<ul>\n<li style=\"font-weight: 400;\" aria-level=\"1\"><b>Ventils\u00e4cke<\/b><span style=\"font-weight: 400;\"> ideal f\u00fcr die staubfreie Hochgeschwindigkeitsabf\u00fcllung von Pulvern und Granulaten<\/span><\/li>\n<li style=\"font-weight: 400;\" aria-level=\"1\"><b>Offens\u00e4cke,<\/b> <span style=\"font-weight: 400;\">\u00a0perfekt f\u00fcr die manuelle oder halbautomatische Bef\u00fcllung mit flexiblen Verschlussm\u00f6glichkeiten<\/span><\/li>\n<\/ul>\n<p><span style=\"font-weight: 400;\">Alle S\u00e4cke sind in verschiedenen Lagen, mit Barriereoptionen und in ma\u00dfgeschneiderten Gr\u00f6\u00dfen erh\u00e4ltlich \u2013 abgestimmt auf Ihre Produktions-, Handhabungs- und Stapelanforderungen.<\/span><\/p>\n<p><span style=\"font-weight: 400;\">Mit jahrzehntelanger Erfahrung und einem direkten Agenturvertrag garantieren wir:<\/span><\/p>\n<ul>\n<li style=\"font-weight: 400;\" aria-level=\"1\"><span style=\"font-weight: 400;\">Reibungslose Koordination vom ersten Kontakt bis zur Lieferung<\/span><\/li>\n<li style=\"font-weight: 400;\" aria-level=\"1\"><span style=\"font-weight: 400;\">Technische Pr\u00e4zision und vollst\u00e4ndige Dokumentation<\/span><\/li>\n<li style=\"font-weight: 400;\" aria-level=\"1\"><span style=\"font-weight: 400;\">P\u00fcnktliche Lieferung durch einen vertrauensw\u00fcrdigen europ\u00e4ischen Hersteller<\/span><\/li>\n<\/ul>\n<p><span style=\"font-weight: 400;\">Wenn Sie eine robuste, zuverl\u00e4ssige und gut betreute Papierverpackung suchen \u2013 wir helfen Ihnen, die passende L\u00f6sung zu finden.<\/span><b>,<\/b><span style=\"font-weight: 400;\"> wir sind hier zu helfen Sie Quelle die richtige L\u00f6sung.<\/span><\/p>\n<\/div>\n<\/div><div class=\"bde-column-383-168 bde-column\">\n  \n  \n\t\n\n\n\n<img decoding=\"async\" class=\"bde-image2-383-206 bde-image2\" src=\"https:\/\/wempos.com\/wp-content\/uploads\/2025\/04\/5-industrial-paper-bags-wempos2.webp\" loading=\"lazy\" srcset=\"https:\/\/wempos.com\/wp-content\/uploads\/2025\/04\/5-industrial-paper-bags-wempos2.webp 1000w, https:\/\/wempos.com\/wp-content\/uploads\/2025\/04\/5-industrial-paper-bags-wempos2-300x300.webp 300w, https:\/\/wempos.com\/wp-content\/uploads\/2025\/04\/5-industrial-paper-bags-wempos2-150x150.webp 150w, https:\/\/wempos.com\/wp-content\/uploads\/2025\/04\/5-industrial-paper-bags-wempos2-768x768.webp 768w\" sizes=\"(max-width: 1000px) 100vw, 1000px\">\n<\/div><\/div><\/div>\n<\/section><section class=\"bde-section-383-183 bde-section\">\n  \n  \n\t\n\n\n\n<div class=\"section-container\"><div class=\"bde-div-383-184 bde-div\">\n  \n  \n\t\n\n\n\n<h2 class=\"bde-heading-383-186 bde-heading\">\nUnsere Verpackungsl\u00f6sungen\n<\/h2><div class=\"bde-text-383-187 bde-text\">\nJedes Produkt hat eigene Anforderungen. Wir helfen Ihnen, diese zu erf\u00fcllen \u2013 mit Verpackungen, die zu Ihrem Produkt, Ihrem Prozess und Ihrem Markt passen.<br><br>Von industriellen Sch\u00fcttg\u00fctern bis zu gebrandeten Konsumg\u00fctern bieten wir Verpackungsl\u00f6sungen, die in Zusammenarbeit mit vertrauensw\u00fcrdigen europ\u00e4ischen Herstellern entwickelt wurden.\u2028Ob Sie zuverl\u00e4ssige Papiers\u00e4cke, ma\u00dfgeschneiderte Kartonformate oder kartonbasierte L\u00f6sungen f\u00fcr den Einzelhandel ben\u00f6tigen \u2013 wir helfen Ihnen, die richtige Konfiguration zu finden und sorgen daf\u00fcr, dass alles p\u00fcnktlich und wie vereinbart geliefert wird.<br><br>\n<\/div>\n<\/div><div class=\"bde-post-list-383-202 bde-post-list\">\n<div class=\"breakdance-swiper-wrapper\" data-swiper-id=\"202\"><div class=\"swiper\"><div class=\"bde-loop bde-loop-slider ee-posts ee-posts-slider swiper-wrapper\">    <article class=\"bde-loop-item ee-post swiper-slide\">\n                <a class=\"bde-loop-item__image-link ee-post-image-link\" href=\"https:\/\/wempos.com\/de\/produkt\/valve-sacks\/\" aria-label=\"Ventils\u00e4cke aus Papier\">\n      <div class=\"bde-loop-item__image ee-post-image\">\n          <img loading=\"lazy\" decoding=\"async\" width=\"1000\" height=\"1000\" src=\"https:\/\/wempos.com\/wp-content\/uploads\/2025\/03\/22-industrial-paper-bags_wempos1.webp\" class=\"attachment-full size-full wp-post-image\" alt=\"\" srcset=\"https:\/\/wempos.com\/wp-content\/uploads\/2025\/03\/22-industrial-paper-bags_wempos1.webp 1000w, https:\/\/wempos.com\/wp-content\/uploads\/2025\/03\/22-industrial-paper-bags_wempos1-300x300.webp 300w, https:\/\/wempos.com\/wp-content\/uploads\/2025\/03\/22-industrial-paper-bags_wempos1-150x150.webp 150w, https:\/\/wempos.com\/wp-content\/uploads\/2025\/03\/22-industrial-paper-bags_wempos1-768x768.webp 768w\" sizes=\"auto, (max-width: 1000px) 100vw, 1000px\" \/>      <\/div>\n    <\/a>\n  \n      \n    <div class=\"bde-loop-item__wrap ee-post-wrap\">\n      \n          <h3 class=\"ee-post-title\">\n    <a class=\"bde-loop-item__title-link ee-post-title-link\" href=\"https:\/\/wempos.com\/de\/produkt\/valve-sacks\/\" >\n        Ventils\u00e4cke aus Papier    <\/a>\n    <\/h3>\n          <div class=\"bde-loop-item__post-meta ee-post-meta\">\n            \n        <\/div>\n      \n    \n                                    \n    \n    \n    \n    \n            \n                    \n            \n            \n\n    \n    \n    \n    \n    \n    <a class=\"breakdance-link button-atom button-atom--custom bde-loop-item__button ee-post-button\" href=\"https:\/\/wempos.com\/de\/produkt\/valve-sacks\/\" target=\"_self\" data-type=\"\"  >\n\n    \n        <span class=\"button-atom__text\">Lesen Sie mehr<\/span>\n\n        \n        \n                <\/a>\n\n    \n\n\n\n\n      \n    <\/div>\n\n    <\/article>\n\n        <article class=\"bde-loop-item ee-post swiper-slide\">\n                <a class=\"bde-loop-item__image-link ee-post-image-link\" href=\"https:\/\/wempos.com\/de\/produkt\/custom-bag-configurations\/\" aria-label=\"Individuell konfigurierbare S\u00e4cke\">\n      <div class=\"bde-loop-item__image ee-post-image\">\n          <img loading=\"lazy\" decoding=\"async\" width=\"1024\" height=\"1024\" src=\"https:\/\/wempos.com\/wp-content\/uploads\/2025\/04\/d165af3b-4ebd-4325-8597-a2cde93766c9.webp\" class=\"attachment-full size-full wp-post-image\" alt=\"\" srcset=\"https:\/\/wempos.com\/wp-content\/uploads\/2025\/04\/d165af3b-4ebd-4325-8597-a2cde93766c9.webp 1024w, https:\/\/wempos.com\/wp-content\/uploads\/2025\/04\/d165af3b-4ebd-4325-8597-a2cde93766c9-300x300.webp 300w, https:\/\/wempos.com\/wp-content\/uploads\/2025\/04\/d165af3b-4ebd-4325-8597-a2cde93766c9-150x150.webp 150w, https:\/\/wempos.com\/wp-content\/uploads\/2025\/04\/d165af3b-4ebd-4325-8597-a2cde93766c9-768x768.webp 768w, https:\/\/wempos.com\/wp-content\/uploads\/2025\/04\/d165af3b-4ebd-4325-8597-a2cde93766c9-12x12.webp 12w\" sizes=\"auto, (max-width: 1024px) 100vw, 1024px\" \/>      <\/div>\n    <\/a>\n  \n      \n    <div class=\"bde-loop-item__wrap ee-post-wrap\">\n      \n          <h3 class=\"ee-post-title\">\n    <a class=\"bde-loop-item__title-link ee-post-title-link\" href=\"https:\/\/wempos.com\/de\/produkt\/custom-bag-configurations\/\" >\n        Individuell konfigurierbare S\u00e4cke    <\/a>\n    <\/h3>\n          <div class=\"bde-loop-item__post-meta ee-post-meta\">\n            \n        <\/div>\n      \n    \n                                    \n    \n    \n    \n    \n            \n                    \n            \n            \n\n    \n    \n    \n    \n    \n    <a class=\"breakdance-link button-atom button-atom--custom bde-loop-item__button ee-post-button\" href=\"https:\/\/wempos.com\/de\/produkt\/custom-bag-configurations\/\" target=\"_self\" data-type=\"\"  >\n\n    \n        <span class=\"button-atom__text\">Lesen Sie mehr<\/span>\n\n        \n        \n                <\/a>\n\n    \n\n\n\n\n      \n    <\/div>\n\n    <\/article>\n\n        <article class=\"bde-loop-item ee-post swiper-slide\">\n                <a class=\"bde-loop-item__image-link ee-post-image-link\" href=\"https:\/\/wempos.com\/de\/produkt\/new-packaging-partnerships\/\" aria-label=\"Neue Verpackungskooperationen (Demn\u00e4chst)\">\n      <div class=\"bde-loop-item__image ee-post-image\">\n          <img loading=\"lazy\" decoding=\"async\" width=\"1024\" height=\"1024\" src=\"https:\/\/wempos.com\/wp-content\/uploads\/2025\/04\/9cdcf926-7bb2-4b0e-9beb-26405f8071cc.webp\" class=\"attachment-full size-full wp-post-image\" alt=\"\" srcset=\"https:\/\/wempos.com\/wp-content\/uploads\/2025\/04\/9cdcf926-7bb2-4b0e-9beb-26405f8071cc.webp 1024w, https:\/\/wempos.com\/wp-content\/uploads\/2025\/04\/9cdcf926-7bb2-4b0e-9beb-26405f8071cc-300x300.webp 300w, https:\/\/wempos.com\/wp-content\/uploads\/2025\/04\/9cdcf926-7bb2-4b0e-9beb-26405f8071cc-150x150.webp 150w, https:\/\/wempos.com\/wp-content\/uploads\/2025\/04\/9cdcf926-7bb2-4b0e-9beb-26405f8071cc-768x768.webp 768w, https:\/\/wempos.com\/wp-content\/uploads\/2025\/04\/9cdcf926-7bb2-4b0e-9beb-26405f8071cc-12x12.webp 12w\" sizes=\"auto, (max-width: 1024px) 100vw, 1024px\" \/>      <\/div>\n    <\/a>\n  \n      \n    <div class=\"bde-loop-item__wrap ee-post-wrap\">\n      \n          <h3 class=\"ee-post-title\">\n    <a class=\"bde-loop-item__title-link ee-post-title-link\" href=\"https:\/\/wempos.com\/de\/produkt\/new-packaging-partnerships\/\" >\n        Neue Verpackungskooperationen (Demn\u00e4chst)    <\/a>\n    <\/h3>\n          <div class=\"bde-loop-item__post-meta ee-post-meta\">\n            \n        <\/div>\n      \n    \n                                    \n    \n    \n    \n    \n            \n                    \n            \n            \n\n    \n    \n    \n    \n    \n    <a class=\"breakdance-link button-atom button-atom--custom bde-loop-item__button ee-post-button\" href=\"https:\/\/wempos.com\/de\/produkt\/new-packaging-partnerships\/\" target=\"_self\" data-type=\"\"  >\n\n    \n        <span class=\"button-atom__text\">Lesen Sie mehr<\/span>\n\n        \n        \n                <\/a>\n\n    \n\n\n\n\n      \n    <\/div>\n\n    <\/article>\n\n        <article class=\"bde-loop-item ee-post swiper-slide\">\n                <a class=\"bde-loop-item__image-link ee-post-image-link\" href=\"https:\/\/wempos.com\/de\/produkt\/folding-cartons-board-based-solutions\/\" aria-label=\"Kartonverpackungen und ma\u00dfgeschneiderte L\u00f6sungen\">\n      <div class=\"bde-loop-item__image ee-post-image\">\n          <img loading=\"lazy\" decoding=\"async\" width=\"1024\" height=\"1024\" src=\"https:\/\/wempos.com\/wp-content\/uploads\/2025\/04\/24c1e955-cc80-40f2-b486-685e37f1bb09.webp\" class=\"attachment-full size-full wp-post-image\" alt=\"\" srcset=\"https:\/\/wempos.com\/wp-content\/uploads\/2025\/04\/24c1e955-cc80-40f2-b486-685e37f1bb09.webp 1024w, https:\/\/wempos.com\/wp-content\/uploads\/2025\/04\/24c1e955-cc80-40f2-b486-685e37f1bb09-300x300.webp 300w, https:\/\/wempos.com\/wp-content\/uploads\/2025\/04\/24c1e955-cc80-40f2-b486-685e37f1bb09-150x150.webp 150w, https:\/\/wempos.com\/wp-content\/uploads\/2025\/04\/24c1e955-cc80-40f2-b486-685e37f1bb09-768x768.webp 768w, https:\/\/wempos.com\/wp-content\/uploads\/2025\/04\/24c1e955-cc80-40f2-b486-685e37f1bb09-12x12.webp 12w\" sizes=\"auto, (max-width: 1024px) 100vw, 1024px\" \/>      <\/div>\n    <\/a>\n  \n      \n    <div class=\"bde-loop-item__wrap ee-post-wrap\">\n      \n          <h3 class=\"ee-post-title\">\n    <a class=\"bde-loop-item__title-link ee-post-title-link\" href=\"https:\/\/wempos.com\/de\/produkt\/folding-cartons-board-based-solutions\/\" >\n        Faltschachteln &amp; board based solutions    <\/a>\n    <\/h3>\n          <div class=\"bde-loop-item__post-meta ee-post-meta\">\n            \n        <\/div>\n      \n    \n                                    \n    \n    \n    \n    \n            \n                    \n            \n            \n\n    \n    \n    \n    \n    \n    <a class=\"breakdance-link button-atom button-atom--custom bde-loop-item__button ee-post-button\" href=\"https:\/\/wempos.com\/de\/produkt\/folding-cartons-board-based-solutions\/\" target=\"_self\" data-type=\"\"  >\n\n    \n        <span class=\"button-atom__text\">Lesen Sie mehr<\/span>\n\n        \n        \n                <\/a>\n\n    \n\n\n\n\n      \n    <\/div>\n\n    <\/article>\n\n        <article class=\"bde-loop-item ee-post swiper-slide\">\n                <a class=\"bde-loop-item__image-link ee-post-image-link\" href=\"https:\/\/wempos.com\/de\/produkt\/451-2\/\" aria-label=\"Offens\u00e4cke aus Papier\">\n      <div class=\"bde-loop-item__image ee-post-image\">\n          <img loading=\"lazy\" decoding=\"async\" width=\"1024\" height=\"1536\" src=\"https:\/\/wempos.com\/wp-content\/uploads\/2025\/04\/36284706-ae55-442d-b46f-647447b18579.webp\" class=\"attachment-full size-full wp-post-image\" alt=\"\" srcset=\"https:\/\/wempos.com\/wp-content\/uploads\/2025\/04\/36284706-ae55-442d-b46f-647447b18579.webp 1024w, https:\/\/wempos.com\/wp-content\/uploads\/2025\/04\/36284706-ae55-442d-b46f-647447b18579-200x300.webp 200w, https:\/\/wempos.com\/wp-content\/uploads\/2025\/04\/36284706-ae55-442d-b46f-647447b18579-683x1024.webp 683w, https:\/\/wempos.com\/wp-content\/uploads\/2025\/04\/36284706-ae55-442d-b46f-647447b18579-768x1152.webp 768w, https:\/\/wempos.com\/wp-content\/uploads\/2025\/04\/36284706-ae55-442d-b46f-647447b18579-8x12.webp 8w\" sizes=\"auto, (max-width: 1024px) 100vw, 1024px\" \/>      <\/div>\n    <\/a>\n  \n      \n    <div class=\"bde-loop-item__wrap ee-post-wrap\">\n      \n          <h3 class=\"ee-post-title\">\n    <a class=\"bde-loop-item__title-link ee-post-title-link\" href=\"https:\/\/wempos.com\/de\/produkt\/451-2\/\" >\n        Offens\u00e4cke aus Papier    <\/a>\n    <\/h3>\n          <div class=\"bde-loop-item__post-meta ee-post-meta\">\n            \n        <\/div>\n      \n    \n                                    \n    \n    \n    \n    \n            \n                    \n            \n            \n\n    \n    \n    \n    \n    \n    <a class=\"breakdance-link button-atom button-atom--custom bde-loop-item__button ee-post-button\" href=\"https:\/\/wempos.com\/de\/produkt\/451-2\/\" target=\"_self\" data-type=\"\"  >\n\n    \n        <span class=\"button-atom__text\">Lesen Sie mehr<\/span>\n\n        \n        \n                <\/a>\n\n    \n\n\n\n\n      \n    <\/div>\n\n    <\/article>\n\n    <\/div><\/div>\n            <div class=\"swiper-button-prev\">\n            \n        <\/div>\n        <div class=\"swiper-button-next\">\n            \n        <\/div>\n    \n            <div class=\"swiper-pagination\"><\/div>\n    \n<\/div>\n<\/div><\/div>\n<\/section><section class=\"bde-section-383-106 bde-section\">\n  \n  \n\t\n\n\n\n<div class=\"section-container\"><div class=\"bde-columns-383-148 bde-columns\"><div class=\"bde-column-383-149 bde-column\">\n  \n  \n\t\n\n\n\n<img decoding=\"async\" class=\"bde-image2-383-207 bde-image2\" src=\"https:\/\/wempos.com\/wp-content\/uploads\/2025\/04\/6-when-packaging-questions.webp\" loading=\"lazy\" srcset=\"https:\/\/wempos.com\/wp-content\/uploads\/2025\/04\/6-when-packaging-questions.webp 1536w, https:\/\/wempos.com\/wp-content\/uploads\/2025\/04\/6-when-packaging-questions-300x200.webp 300w, https:\/\/wempos.com\/wp-content\/uploads\/2025\/04\/6-when-packaging-questions-1024x683.webp 1024w, https:\/\/wempos.com\/wp-content\/uploads\/2025\/04\/6-when-packaging-questions-768x512.webp 768w\" sizes=\"(max-width: 1536px) 100vw, 1536px\">\n<\/div><div class=\"bde-column-383-156 bde-column\">\n  \n  \n\t\n\n\n\n<h2 class=\"bde-heading-383-157 bde-heading\">\nLassen Sie uns Verpackungsl\u00f6sungen finden, die f\u00fcr Ihr Unternehmen funktionieren\n<\/h2><div class=\"bde-rich-text-383-204 bde-rich-text breakdance-rich-text-styles\">\n<p><span style=\"font-weight: 400;\">Ob Sie bew\u00e4hrte industrielle Papiers\u00e4cke ben\u00f6tigen oder neue Formate f\u00fcr Konsumg\u00fcter erkunden \u2013 unsere Aufgabe ist es, Ihnen zu helfen, die richtige L\u00f6sung zu finden.<\/span><\/p>\n<p><span style=\"font-weight: 400;\">Vielleicht wissen Sie genau, was Sie brauchen \u2013 oder nur, dass etwas nicht funktioniert.\u2028<\/span><span style=\"font-weight: 400;\"><br \/><\/span><span style=\"font-weight: 400;\">Ob es um Lieferverz\u00f6gerungen, mangelhafte Verpackungsleistung, eingeschr\u00e4nkte Optionen oder Unsicherheit bei der Auswahl geht \u2013 wir helfen Ihnen, Klarheit zu gewinnen.<\/span><\/p>\n<p><span style=\"font-weight: 400;\">Unser Ziel ist es, Fragen in klare Antworten zu verwandeln und komplexe Anforderungen in zuverl\u00e4ssige L\u00f6sungen \u2013 mit dem richtigen Produkt, zur richtigen Zeit, mit dem richtigen Support.<\/span><\/p>\n<p><span style=\"font-weight: 400;\">Sprechen wir dar\u00fcber, was Ihre Verpackung ausbremst.<\/span><\/p>\n<\/div>\n<\/div><\/div><\/div>\n<\/section>","protected":false},"excerpt":{"rendered":"","protected":false},"author":1,"featured_media":0,"parent":0,"menu_order":0,"comment_status":"closed","ping_status":"closed","template":"","meta":{"_acf_changed":false,"_breakdance_hide_in_design_set":false,"_breakdance_tags":"","footnotes":""},"class_list":["post-383","page","type-page","status-publish","hentry"],"acf":[],"_links":{"self":[{"href":"https:\/\/wempos.com\/de\/wp-json\/wp\/v2\/pages\/383","targetHints":{"allow":["GET"]}}],"collection":[{"href":"https:\/\/wempos.com\/de\/wp-json\/wp\/v2\/pages"}],"about":[{"href":"https:\/\/wempos.com\/de\/wp-json\/wp\/v2\/types\/page"}],"author":[{"embeddable":true,"href":"https:\/\/wempos.com\/de\/wp-json\/wp\/v2\/users\/1"}],"replies":[{"embeddable":true,"href":"https:\/\/wempos.com\/de\/wp-json\/wp\/v2\/comments?post=383"}],"version-history":[{"count":31,"href":"https:\/\/wempos.com\/de\/wp-json\/wp\/v2\/pages\/383\/revisions"}],"predecessor-version":[{"id":595,"href":"https:\/\/wempos.com\/de\/wp-json\/wp\/v2\/pages\/383\/revisions\/595"}],"wp:attachment":[{"href":"https:\/\/wempos.com\/de\/wp-json\/wp\/v2\/media?parent=383"}],"curies":[{"name":"wp","href":"https:\/\/api.w.org\/{rel}","templated":true}]}}