{"id":431,"date":"2025-04-02T14:57:50","date_gmt":"2025-04-02T14:57:50","guid":{"rendered":"https:\/\/wempos.com\/?page_id=431"},"modified":"2025-05-05T18:53:51","modified_gmt":"2025-05-05T18:53:51","slug":"business-solutions","status":"publish","type":"page","link":"https:\/\/wempos.com\/de\/business-solutions\/","title":{"rendered":"Geschaeft"},"content":{"rendered":"<section class=\"bde-section-431-101 bde-section\">\n  \n  \n\t\n\n\n\n<div class=\"section-container\"><div class=\"bde-div-431-102 bde-div\">\n  \n  \n\t\n\n\n\n<h1 class=\"bde-heading-431-119 bde-heading\">\nBusiness execution f\u00fcr Klarheit und messbare Ergebnisse<br>\n<\/h1><div class=\"bde-text-431-120 bde-text\">\nWir unterst\u00fctzen Unternehmen dabei, komplexe gesch\u00e4ftliche Entscheidungen zu treffen und Strategien in konkrete Fortschritte zu verwandeln.<br>Ob Sie einen neuen Markt erschlie\u00dfen, Abl\u00e4ufe optimieren oder Partnerschaften managen \u2013 wir arbeiten eng mit Ihrem Team zusammen, um Struktur zu schaffen, Risiken zu reduzieren und die Umsetzung gezielt voranzutreiben.<br>Mit \u00fcber zwanzig Jahren praktischer Erfahrung im B2B-Vertrieb, in der Beschaffung und Projektkoordination gehen wir \u00fcber klassische Beratung hinaus.\u2028Wir \u00fcbernehmen Verantwortung, stimmen alle Beteiligten ab und sorgen daf\u00fcr, dass Projekte mit Klarheit und Vertrauen vorankommen.<br>\n<\/div>\n<\/div><\/div>\n<\/section><section class=\"bde-section-431-263 bde-section\">\n  \n  \n\t\n\n\n\n<div class=\"section-container\"><div class=\"bde-columns-431-264 bde-columns\"><div class=\"bde-column-431-265 bde-column\">\n  \n  \n\t\n\n\n\n<h2 class=\"bde-heading-431-266 bde-heading\">\nWas Sie durch die Zusammenarbeit mit uns gewinnen<br>\n<\/h2><div class=\"bde-grid-431-267 bde-grid\">\n  \n  \n\t\n\n\n\n<div class=\"bde-div-431-268 bde-div\">\n  \n  \n\t\n\n\n\n<div class=\"bde-icon-431-269 bde-icon\">\n\n    \n            <div class=\"bde-icon-icon breakdance-icon-atom\" >\n    \n                    <svg xmlns=\"http:\/\/www.w3.org\/2000\/svg\" version=\"1.0\" width=\"1024.000000pt\" height=\"1024.000000pt\" viewbox=\"0 0 1024.000000 1024.000000\" preserveaspectratio=\"xMidYMid meet\">\r\n\r\n<g transform=\"translate(0.000000,1024.000000) scale(0.100000,-0.100000)\" fill=\"#000000\" stroke=\"none\">\r\n<path d=\"M7035 7980 c-27 -11 -61 -49 -74 -83 -7 -18 -11 -178 -11 -457 0 -479 1 -491 65 -530 30 -19 49 -20 274 -20 l241 0 0 -220 0 -219 -508 -3 -508 -3 -59 -30 c-40 -20 -69 -45 -91 -76 -52 -72 -64 -136 -64 -346 0 -176 1 -183 23 -209 30 -35 79 -37 110 -5 21 20 22 32 27 229 5 225 9 240 63 269 29 17 73 18 519 18 l488 0 2 -247 c3 -240 4 -248 25 -269 31 -32 80 -30 110 5 23 27 23 30 23 272 l0 245 494 -3 c482 -3 495 -4 523 -24 56 -41 63 -70 63 -276 0 -102 3 -194 6 -203 18 -45 111 -48 134 -5 17 31 13 408 -5 466 -19 67 -73 127 -143 161 l-57 28 -512 3 -513 3 0 219 0 220 243 0 c222 0 245 2 274 20 64 38 63 32 63 530 0 498 1 492 -63 530 -31 19 -54 20 -587 19 -305 0 -564 -4 -575 -9z\"\/>\r\n<path d=\"M3731 7535 c-295 -64 -509 -221 -617 -450 -76 -162 -100 -319 -90 -580 4 -93 9 -183 12 -200 5 -27 2 -31 -36 -47 -55 -23 -70 -61 -70 -175 0 -217 86 -425 189 -458 22 -7 22 -6 50 -126 81 -350 294 -610 574 -704 447 -149 906 151 1032 674 13 53 26 108 29 122 4 18 14 29 31 33 37 9 98 75 128 137 36 76 57 191 57 309 0 120 -14 161 -62 186 -18 9 -34 17 -35 19 -2 1 2 71 7 155 19 272 -10 502 -81 641 -56 113 -127 181 -218 210 -20 6 -58 33 -86 58 -98 92 -244 161 -408 195 -95 20 -316 20 -406 1z\"\/>\r\n<path d=\"M5914 5625 c-42 -29 -45 -54 -42 -404 l3 -333 33 -29 32 -29 430 0 429 0 27 23 c34 30 41 78 38 272 -1 83 -3 220 -3 306 -1 155 -1 156 -27 183 l-27 26 -436 0 c-367 0 -440 -2 -457 -15z\"\/>\r\n<path d=\"M7145 5616 c-13 -13 -26 -39 -30 -57 -3 -19 -5 -177 -3 -352 l3 -319 33 -29 32 -29 428 0 c469 0 455 -2 487 60 12 24 15 84 15 343 0 198 -4 325 -11 345 -22 63 -14 62 -494 62 l-436 0 -24 -24z\"\/>\r\n<path d=\"M8383 5616 l-28 -24 0 -352 0 -352 33 -29 32 -29 425 0 425 0 32 29 33 29 3 333 c2 239 -1 341 -9 361 -24 59 -14 58 -486 58 l-432 0 -28 -24z\"\/>\r\n<path d=\"M3200 4794 c-35 -36 -154 -116 -225 -151 -33 -17 -152 -68 -265 -113 -288 -117 -522 -222 -613 -278 -206 -124 -344 -309 -401 -538 -66 -262 -154 -844 -159 -1049 -2 -100 0 -114 23 -159 164 -320 1061 -503 2455 -500 437 1 698 11 1015 40 783 70 1265 234 1371 467 40 88 13 393 -81 902 -75 413 -122 531 -271 686 -133 138 -282 217 -824 439 -277 114 -370 163 -471 252 -21 19 -39 27 -44 22 -5 -5 -19 -54 -30 -109 -60 -291 -182 -663 -341 -1040 -58 -138 -63 -147 -71 -120 -4 17 -36 146 -70 288 l-61 258 43 155 c33 118 41 160 33 172 -9 15 -38 17 -237 20 l-226 2 -10 -22 c-8 -18 -1 -55 33 -173 l45 -150 -69 -285 c-37 -157 -68 -287 -69 -290 -1 -7 -72 161 -147 350 -119 296 -212 596 -288 928 -7 28 -14 27 -45 -4z m2109 -1610 c27 -34 27 -67 -1 -98 l-23 -25 -252 -2 c-228 -2 -254 -1 -272 15 -10 10 -22 28 -25 42 -7 26 15 79 36 87 7 3 126 6 265 6 l252 1 20 -26z\"\/>\r\n<\/g>\r\n<\/svg>\n        \n        \n        \n            <\/div>\n    \n\n\n<\/div><div class=\"bde-text-431-270 bde-text\">\nSchnellere Entscheidungen<br>in komplexen Situationen\n<\/div>\n<\/div><div class=\"bde-div-431-307 bde-div\">\n  \n  \n\t\n\n\n\n<div class=\"bde-icon-431-308 bde-icon\">\n\n    \n            <div class=\"bde-icon-icon breakdance-icon-atom\" >\n    \n                    <svg xmlns=\"http:\/\/www.w3.org\/2000\/svg\" version=\"1.0\" width=\"1024.000000pt\" height=\"1024.000000pt\" viewbox=\"0 0 1024.000000 1024.000000\" preserveaspectratio=\"xMidYMid meet\">\r\n\r\n<g transform=\"translate(0.000000,1024.000000) scale(0.100000,-0.100000)\" fill=\"#000000\" stroke=\"none\">\r\n<path d=\"M7035 7980 c-27 -11 -61 -49 -74 -83 -7 -18 -11 -178 -11 -457 0 -479 1 -491 65 -530 30 -19 49 -20 274 -20 l241 0 0 -220 0 -219 -508 -3 -508 -3 -59 -30 c-40 -20 -69 -45 -91 -76 -52 -72 -64 -136 -64 -346 0 -176 1 -183 23 -209 30 -35 79 -37 110 -5 21 20 22 32 27 229 5 225 9 240 63 269 29 17 73 18 519 18 l488 0 2 -247 c3 -240 4 -248 25 -269 31 -32 80 -30 110 5 23 27 23 30 23 272 l0 245 494 -3 c482 -3 495 -4 523 -24 56 -41 63 -70 63 -276 0 -102 3 -194 6 -203 18 -45 111 -48 134 -5 17 31 13 408 -5 466 -19 67 -73 127 -143 161 l-57 28 -512 3 -513 3 0 219 0 220 243 0 c222 0 245 2 274 20 64 38 63 32 63 530 0 498 1 492 -63 530 -31 19 -54 20 -587 19 -305 0 -564 -4 -575 -9z\"\/>\r\n<path d=\"M3731 7535 c-295 -64 -509 -221 -617 -450 -76 -162 -100 -319 -90 -580 4 -93 9 -183 12 -200 5 -27 2 -31 -36 -47 -55 -23 -70 -61 -70 -175 0 -217 86 -425 189 -458 22 -7 22 -6 50 -126 81 -350 294 -610 574 -704 447 -149 906 151 1032 674 13 53 26 108 29 122 4 18 14 29 31 33 37 9 98 75 128 137 36 76 57 191 57 309 0 120 -14 161 -62 186 -18 9 -34 17 -35 19 -2 1 2 71 7 155 19 272 -10 502 -81 641 -56 113 -127 181 -218 210 -20 6 -58 33 -86 58 -98 92 -244 161 -408 195 -95 20 -316 20 -406 1z\"\/>\r\n<path d=\"M5914 5625 c-42 -29 -45 -54 -42 -404 l3 -333 33 -29 32 -29 430 0 429 0 27 23 c34 30 41 78 38 272 -1 83 -3 220 -3 306 -1 155 -1 156 -27 183 l-27 26 -436 0 c-367 0 -440 -2 -457 -15z\"\/>\r\n<path d=\"M7145 5616 c-13 -13 -26 -39 -30 -57 -3 -19 -5 -177 -3 -352 l3 -319 33 -29 32 -29 428 0 c469 0 455 -2 487 60 12 24 15 84 15 343 0 198 -4 325 -11 345 -22 63 -14 62 -494 62 l-436 0 -24 -24z\"\/>\r\n<path d=\"M8383 5616 l-28 -24 0 -352 0 -352 33 -29 32 -29 425 0 425 0 32 29 33 29 3 333 c2 239 -1 341 -9 361 -24 59 -14 58 -486 58 l-432 0 -28 -24z\"\/>\r\n<path d=\"M3200 4794 c-35 -36 -154 -116 -225 -151 -33 -17 -152 -68 -265 -113 -288 -117 -522 -222 -613 -278 -206 -124 -344 -309 -401 -538 -66 -262 -154 -844 -159 -1049 -2 -100 0 -114 23 -159 164 -320 1061 -503 2455 -500 437 1 698 11 1015 40 783 70 1265 234 1371 467 40 88 13 393 -81 902 -75 413 -122 531 -271 686 -133 138 -282 217 -824 439 -277 114 -370 163 -471 252 -21 19 -39 27 -44 22 -5 -5 -19 -54 -30 -109 -60 -291 -182 -663 -341 -1040 -58 -138 -63 -147 -71 -120 -4 17 -36 146 -70 288 l-61 258 43 155 c33 118 41 160 33 172 -9 15 -38 17 -237 20 l-226 2 -10 -22 c-8 -18 -1 -55 33 -173 l45 -150 -69 -285 c-37 -157 -68 -287 -69 -290 -1 -7 -72 161 -147 350 -119 296 -212 596 -288 928 -7 28 -14 27 -45 -4z m2109 -1610 c27 -34 27 -67 -1 -98 l-23 -25 -252 -2 c-228 -2 -254 -1 -272 15 -10 10 -22 28 -25 42 -7 26 15 79 36 87 7 3 126 6 265 6 l252 1 20 -26z\"\/>\r\n<\/g>\r\n<\/svg>\n        \n        \n        \n            <\/div>\n    \n\n\n<\/div><div class=\"bde-text-431-309 bde-text\">\nZugriff auf vertrauensw\u00fcrdige Partner und L\u00f6sungen<br>\n<\/div>\n<\/div><div class=\"bde-div-431-272 bde-div\">\n  \n  \n\t\n\n\n\n<div class=\"bde-icon-431-273 bde-icon\">\n\n    \n            <div class=\"bde-icon-icon breakdance-icon-atom\" >\n    \n                    <svg xmlns=\"http:\/\/www.w3.org\/2000\/svg\" version=\"1.0\" width=\"1024.000000pt\" height=\"1024.000000pt\" viewbox=\"0 0 1024.000000 1024.000000\" preserveaspectratio=\"xMidYMid meet\">\r\n\r\n<g transform=\"translate(0.000000,1024.000000) scale(0.100000,-0.100000)\" fill=\"#000000\" stroke=\"none\">\r\n<path d=\"M7035 7980 c-27 -11 -61 -49 -74 -83 -7 -18 -11 -178 -11 -457 0 -479 1 -491 65 -530 30 -19 49 -20 274 -20 l241 0 0 -220 0 -219 -508 -3 -508 -3 -59 -30 c-40 -20 -69 -45 -91 -76 -52 -72 -64 -136 -64 -346 0 -176 1 -183 23 -209 30 -35 79 -37 110 -5 21 20 22 32 27 229 5 225 9 240 63 269 29 17 73 18 519 18 l488 0 2 -247 c3 -240 4 -248 25 -269 31 -32 80 -30 110 5 23 27 23 30 23 272 l0 245 494 -3 c482 -3 495 -4 523 -24 56 -41 63 -70 63 -276 0 -102 3 -194 6 -203 18 -45 111 -48 134 -5 17 31 13 408 -5 466 -19 67 -73 127 -143 161 l-57 28 -512 3 -513 3 0 219 0 220 243 0 c222 0 245 2 274 20 64 38 63 32 63 530 0 498 1 492 -63 530 -31 19 -54 20 -587 19 -305 0 -564 -4 -575 -9z\"\/>\r\n<path d=\"M3731 7535 c-295 -64 -509 -221 -617 -450 -76 -162 -100 -319 -90 -580 4 -93 9 -183 12 -200 5 -27 2 -31 -36 -47 -55 -23 -70 -61 -70 -175 0 -217 86 -425 189 -458 22 -7 22 -6 50 -126 81 -350 294 -610 574 -704 447 -149 906 151 1032 674 13 53 26 108 29 122 4 18 14 29 31 33 37 9 98 75 128 137 36 76 57 191 57 309 0 120 -14 161 -62 186 -18 9 -34 17 -35 19 -2 1 2 71 7 155 19 272 -10 502 -81 641 -56 113 -127 181 -218 210 -20 6 -58 33 -86 58 -98 92 -244 161 -408 195 -95 20 -316 20 -406 1z\"\/>\r\n<path d=\"M5914 5625 c-42 -29 -45 -54 -42 -404 l3 -333 33 -29 32 -29 430 0 429 0 27 23 c34 30 41 78 38 272 -1 83 -3 220 -3 306 -1 155 -1 156 -27 183 l-27 26 -436 0 c-367 0 -440 -2 -457 -15z\"\/>\r\n<path d=\"M7145 5616 c-13 -13 -26 -39 -30 -57 -3 -19 -5 -177 -3 -352 l3 -319 33 -29 32 -29 428 0 c469 0 455 -2 487 60 12 24 15 84 15 343 0 198 -4 325 -11 345 -22 63 -14 62 -494 62 l-436 0 -24 -24z\"\/>\r\n<path d=\"M8383 5616 l-28 -24 0 -352 0 -352 33 -29 32 -29 425 0 425 0 32 29 33 29 3 333 c2 239 -1 341 -9 361 -24 59 -14 58 -486 58 l-432 0 -28 -24z\"\/>\r\n<path d=\"M3200 4794 c-35 -36 -154 -116 -225 -151 -33 -17 -152 -68 -265 -113 -288 -117 -522 -222 -613 -278 -206 -124 -344 -309 -401 -538 -66 -262 -154 -844 -159 -1049 -2 -100 0 -114 23 -159 164 -320 1061 -503 2455 -500 437 1 698 11 1015 40 783 70 1265 234 1371 467 40 88 13 393 -81 902 -75 413 -122 531 -271 686 -133 138 -282 217 -824 439 -277 114 -370 163 -471 252 -21 19 -39 27 -44 22 -5 -5 -19 -54 -30 -109 -60 -291 -182 -663 -341 -1040 -58 -138 -63 -147 -71 -120 -4 17 -36 146 -70 288 l-61 258 43 155 c33 118 41 160 33 172 -9 15 -38 17 -237 20 l-226 2 -10 -22 c-8 -18 -1 -55 33 -173 l45 -150 -69 -285 c-37 -157 -68 -287 -69 -290 -1 -7 -72 161 -147 350 -119 296 -212 596 -288 928 -7 28 -14 27 -45 -4z m2109 -1610 c27 -34 27 -67 -1 -98 l-23 -25 -252 -2 c-228 -2 -254 -1 -272 15 -10 10 -22 28 -25 42 -7 26 15 79 36 87 7 3 126 6 265 6 l252 1 20 -26z\"\/>\r\n<\/g>\r\n<\/svg>\n        \n        \n        \n            <\/div>\n    \n\n\n<\/div><div class=\"bde-text-431-274 bde-text translation-block\">Reduzierte Risiken und<br> geringere Kosten<\/div>\n<\/div><div class=\"bde-div-431-276 bde-div\">\n  \n  \n\t\n\n\n\n<div class=\"bde-icon-431-277 bde-icon\">\n\n    \n            <div class=\"bde-icon-icon breakdance-icon-atom\" >\n    \n                    <svg xmlns=\"http:\/\/www.w3.org\/2000\/svg\" version=\"1.0\" width=\"1024.000000pt\" height=\"1024.000000pt\" viewbox=\"0 0 1024.000000 1024.000000\" preserveaspectratio=\"xMidYMid meet\">\r\n\r\n<g transform=\"translate(0.000000,1024.000000) scale(0.100000,-0.100000)\" fill=\"#000000\" stroke=\"none\">\r\n<path d=\"M7035 7980 c-27 -11 -61 -49 -74 -83 -7 -18 -11 -178 -11 -457 0 -479 1 -491 65 -530 30 -19 49 -20 274 -20 l241 0 0 -220 0 -219 -508 -3 -508 -3 -59 -30 c-40 -20 -69 -45 -91 -76 -52 -72 -64 -136 -64 -346 0 -176 1 -183 23 -209 30 -35 79 -37 110 -5 21 20 22 32 27 229 5 225 9 240 63 269 29 17 73 18 519 18 l488 0 2 -247 c3 -240 4 -248 25 -269 31 -32 80 -30 110 5 23 27 23 30 23 272 l0 245 494 -3 c482 -3 495 -4 523 -24 56 -41 63 -70 63 -276 0 -102 3 -194 6 -203 18 -45 111 -48 134 -5 17 31 13 408 -5 466 -19 67 -73 127 -143 161 l-57 28 -512 3 -513 3 0 219 0 220 243 0 c222 0 245 2 274 20 64 38 63 32 63 530 0 498 1 492 -63 530 -31 19 -54 20 -587 19 -305 0 -564 -4 -575 -9z\"\/>\r\n<path d=\"M3731 7535 c-295 -64 -509 -221 -617 -450 -76 -162 -100 -319 -90 -580 4 -93 9 -183 12 -200 5 -27 2 -31 -36 -47 -55 -23 -70 -61 -70 -175 0 -217 86 -425 189 -458 22 -7 22 -6 50 -126 81 -350 294 -610 574 -704 447 -149 906 151 1032 674 13 53 26 108 29 122 4 18 14 29 31 33 37 9 98 75 128 137 36 76 57 191 57 309 0 120 -14 161 -62 186 -18 9 -34 17 -35 19 -2 1 2 71 7 155 19 272 -10 502 -81 641 -56 113 -127 181 -218 210 -20 6 -58 33 -86 58 -98 92 -244 161 -408 195 -95 20 -316 20 -406 1z\"\/>\r\n<path d=\"M5914 5625 c-42 -29 -45 -54 -42 -404 l3 -333 33 -29 32 -29 430 0 429 0 27 23 c34 30 41 78 38 272 -1 83 -3 220 -3 306 -1 155 -1 156 -27 183 l-27 26 -436 0 c-367 0 -440 -2 -457 -15z\"\/>\r\n<path d=\"M7145 5616 c-13 -13 -26 -39 -30 -57 -3 -19 -5 -177 -3 -352 l3 -319 33 -29 32 -29 428 0 c469 0 455 -2 487 60 12 24 15 84 15 343 0 198 -4 325 -11 345 -22 63 -14 62 -494 62 l-436 0 -24 -24z\"\/>\r\n<path d=\"M8383 5616 l-28 -24 0 -352 0 -352 33 -29 32 -29 425 0 425 0 32 29 33 29 3 333 c2 239 -1 341 -9 361 -24 59 -14 58 -486 58 l-432 0 -28 -24z\"\/>\r\n<path d=\"M3200 4794 c-35 -36 -154 -116 -225 -151 -33 -17 -152 -68 -265 -113 -288 -117 -522 -222 -613 -278 -206 -124 -344 -309 -401 -538 -66 -262 -154 -844 -159 -1049 -2 -100 0 -114 23 -159 164 -320 1061 -503 2455 -500 437 1 698 11 1015 40 783 70 1265 234 1371 467 40 88 13 393 -81 902 -75 413 -122 531 -271 686 -133 138 -282 217 -824 439 -277 114 -370 163 -471 252 -21 19 -39 27 -44 22 -5 -5 -19 -54 -30 -109 -60 -291 -182 -663 -341 -1040 -58 -138 -63 -147 -71 -120 -4 17 -36 146 -70 288 l-61 258 43 155 c33 118 41 160 33 172 -9 15 -38 17 -237 20 l-226 2 -10 -22 c-8 -18 -1 -55 33 -173 l45 -150 -69 -285 c-37 -157 -68 -287 -69 -290 -1 -7 -72 161 -147 350 -119 296 -212 596 -288 928 -7 28 -14 27 -45 -4z m2109 -1610 c27 -34 27 -67 -1 -98 l-23 -25 -252 -2 c-228 -2 -254 -1 -272 15 -10 10 -22 28 -25 42 -7 26 15 79 36 87 7 3 126 6 265 6 l252 1 20 -26z\"\/>\r\n<\/g>\r\n<\/svg>\n        \n        \n        \n            <\/div>\n    \n\n\n<\/div><div class=\"bde-text-431-278 bde-text\">\nMehr Zeit f\u00fcr Ihr Kerngesch\u00e4ft\n<\/div>\n<\/div>\n<\/div>\n<\/div><\/div><\/div>\n<\/section><section class=\"bde-section-431-121 bde-section\">\n  \n  \n\t\n\n\n\n<div class=\"section-container\"><div class=\"bde-columns-431-140 bde-columns\"><div class=\"bde-column-431-141 bde-column\">\n  \n  \n\t\n\n\n\n<img decoding=\"async\" class=\"bde-image2-431-312 bde-image2\" src=\"https:\/\/wempos.com\/wp-content\/uploads\/2025\/05\/ef695acb-f93b-456b-b5f3-18ad88884a9e.webp\" loading=\"lazy\" srcset=\"https:\/\/wempos.com\/wp-content\/uploads\/2025\/05\/ef695acb-f93b-456b-b5f3-18ad88884a9e.webp 1536w, https:\/\/wempos.com\/wp-content\/uploads\/2025\/05\/ef695acb-f93b-456b-b5f3-18ad88884a9e-300x200.webp 300w, https:\/\/wempos.com\/wp-content\/uploads\/2025\/05\/ef695acb-f93b-456b-b5f3-18ad88884a9e-1024x683.webp 1024w, https:\/\/wempos.com\/wp-content\/uploads\/2025\/05\/ef695acb-f93b-456b-b5f3-18ad88884a9e-768x512.webp 768w, https:\/\/wempos.com\/wp-content\/uploads\/2025\/05\/ef695acb-f93b-456b-b5f3-18ad88884a9e-18x12.webp 18w\" sizes=\"(max-width: 1536px) 100vw, 1536px\">\n<\/div><div class=\"bde-column-431-148 bde-column\">\n  \n  \n\t\n\n\n\n<h2 class=\"bde-heading-431-149 bde-heading\">\nStrategische Projektumsetzung\n<\/h2><div class=\"bde-text-431-150 bde-text\">\nVon der Strategie bis zur praktischen Umsetzung \u2013 mit messbaren Ergebnissen.<br><br>Ein Projekt zu managen bedeutet nicht nur, einen Plan zu erstellen. Es geht darum, Dinge in Bewegung zu halten, alle Beteiligten auszurichten und sicherzustellen, dass jeder Schritt echten Mehrwert liefert.<br><br>Wir unterst\u00fctzen Unternehmen dabei, Projekte mit Struktur, Fokus und Best\u00e4ndigkeit zum Erfolg zu f\u00fchren.\n<\/div><div class=\"bde-text-431-310 bde-text\">\n<b>Was wir liefern:\n<\/div><div class=\"bde-icon-list-431-151 bde-icon-list bde-icon-list--background\">\n<ul>\n  \n              \n    <li>\n              <div class='bde-icon-list__item-wrapper'>\n      \n      <span class='bde-icon-list__icon'>\n        <svg xmlns=\"http:\/\/www.w3.org\/2000\/svg\" viewbox=\"0 0 512 512\"><!-- Font Awesome Free 5.15.1 by @fontawesome - https:\/\/fontawesome.com License - https:\/\/fontawesome.com\/license\/free (Icons: CC BY 4.0, Fonts: SIL OFL 1.1, Code: MIT License) --><path d=\"M173.898 439.404l-166.4-166.4c-9.997-9.997-9.997-26.206 0-36.204l36.203-36.204c9.997-9.998 26.207-9.998 36.204 0L192 312.69 432.095 72.596c9.997-9.997 26.207-9.997 36.204 0l36.203 36.204c9.997 9.997 9.997 26.206 0 36.204l-294.4 294.401c-9.998 9.997-26.207 9.997-36.204-.001z\"\/><\/svg>\n      <\/span>\n      <span class='bde-icon-list__text' >\n      <b>Strategische Planung:<\/b> Konkrete Schritte, abgestimmt auf Ihre Ziele und Ihren Kontext\n      <\/span>\n              <\/div>\n      \n    <\/li>\n\n  \n              \n    <li>\n              <div class='bde-icon-list__item-wrapper'>\n      \n      <span class='bde-icon-list__icon'>\n        <svg xmlns=\"http:\/\/www.w3.org\/2000\/svg\" viewbox=\"0 0 512 512\"><!-- Font Awesome Free 5.15.1 by @fontawesome - https:\/\/fontawesome.com License - https:\/\/fontawesome.com\/license\/free (Icons: CC BY 4.0, Fonts: SIL OFL 1.1, Code: MIT License) --><path d=\"M173.898 439.404l-166.4-166.4c-9.997-9.997-9.997-26.206 0-36.204l36.203-36.204c9.997-9.998 26.207-9.998 36.204 0L192 312.69 432.095 72.596c9.997-9.997 26.207-9.997 36.204 0l36.203 36.204c9.997 9.997 9.997 26.206 0 36.204l-294.4 294.401c-9.998 9.997-26.207 9.997-36.204-.001z\"\/><\/svg>\n      <\/span>\n      <span class='bde-icon-list__text' >\n      <b>Stakeholder-Koordination:<\/b> Klare Kommunikation vom Kick-off bis zur Fertigstellung\u2028<br>\n      <\/span>\n              <\/div>\n      \n    <\/li>\n\n  \n              \n    <li>\n              <div class='bde-icon-list__item-wrapper'>\n      \n      <span class='bde-icon-list__icon'>\n        <svg xmlns=\"http:\/\/www.w3.org\/2000\/svg\" viewbox=\"0 0 512 512\"><!-- Font Awesome Free 5.15.1 by @fontawesome - https:\/\/fontawesome.com License - https:\/\/fontawesome.com\/license\/free (Icons: CC BY 4.0, Fonts: SIL OFL 1.1, Code: MIT License) --><path d=\"M173.898 439.404l-166.4-166.4c-9.997-9.997-9.997-26.206 0-36.204l36.203-36.204c9.997-9.998 26.207-9.998 36.204 0L192 312.69 432.095 72.596c9.997-9.997 26.207-9.997 36.204 0l36.203 36.204c9.997 9.997 9.997 26.206 0 36.204l-294.4 294.401c-9.998 9.997-26.207 9.997-36.204-.001z\"\/><\/svg>\n      <\/span>\n      <span class='bde-icon-list__text' >\n      <b>Transparente Umsetzung:<\/b> Zielgerichtete Durchf\u00fchrung, spart Zeit, verhindert Abweichungen und verbessert das Ergebnis\n      <\/span>\n              <\/div>\n      \n    <\/li>\n\n  <\/ul>\n\n<\/div>\n<\/div><\/div><\/div>\n<\/section><section class=\"bde-section-431-199 bde-section\">\n  \n  \n\t\n\n\n\n<div class=\"section-container\"><h2 class=\"bde-heading-431-200 bde-heading\">\nSchwerpunkte<br>\n<\/h2><div class=\"bde-text-431-311 bde-text\">\nGezieltes Know-how f\u00fcr Wachstumsbranchen<br><br>Unsere Business-Execution-Dienstleistungen gelten branchen\u00fcbergreifend \u2013 doch in bestimmten Bereichen gehen wir noch weiter in die Tiefe.\u2028In diesen Sektoren bringen wir nicht nur Erfahrung mit, sondern auch ein starkes Netzwerk und praxisnahe Umsetzungskompetenz.\n<\/div><\/div>\n<\/section><section class=\"bde-section-431-181 bde-section\">\n  \n  \n\t\n\n\n\n<div class=\"section-container\"><div class=\"bde-columns-431-188 bde-columns\"><div class=\"bde-column-431-189 bde-column\">\n  \n  \n\t\n\n\n\n<h3 class=\"bde-heading-431-190 bde-heading\">\nFunktionelle Ern\u00e4hrung\n<\/h3><div class=\"bde-text-431-191 bde-text\">\nIn Partnerschaft mit Nutrispoint unterst\u00fctzen wir B2B-Kunden bei der Entwicklung funktioneller Nahrungserg\u00e4nzungsmittel \u2013 von der Konzeption und Formulierung bis hin zur Verpackung und Produktion.<br>\n<\/div>\n<\/div><div class=\"bde-column-431-201 bde-column\">\n  \n  \n\t\n\n\n\n<h3 class=\"bde-heading-431-202 bde-heading\">\nVerpackungsprojekte<br>\n<\/h3><div class=\"bde-text-431-203 bde-text\">\nWir bringen Struktur und Koordination in Verpackungsprojekte \u2013 einschlie\u00dflich Sourcing, Lieferantenmanagement und operativer Logistik.\n<\/div>\n<\/div><div class=\"bde-column-431-194 bde-column\">\n  \n  \n\t\n\n\n\n<h3 class=\"bde-heading-431-195 bde-heading\">\nBranchen\u00fcbergreifende Expansion\n<\/h3><div class=\"bde-text-431-196 bde-text\">\nWir bereiten neue Dienstleistungen in den Bereichen Business Development und strategische Umsetzung vor \u2013 basierend auf realen Kundenbed\u00fcrfnissen aus unterschiedlichen Branchen.<br>\n<\/div>\n<\/div><\/div><\/div>\n<\/section><section class=\"bde-section-431-206 bde-section\">\n  \n  \n\t\n\n\n\n<div class=\"section-container\"><div class=\"bde-columns-431-207 bde-columns\"><div class=\"bde-column-431-258 bde-column\">\n  \n  \n\t\n\n\n\n<h2 class=\"bde-heading-431-259 bde-heading\">\nBringen wir Ihr Business voran\u2028\n<\/h2><div class=\"bde-text-431-260 bde-text\">\nSie m\u00f6chten eine Herausforderung l\u00f6sen, neue Chancen erkunden oder Ihrem n\u00e4chsten Projekt mehr Struktur geben?<br><br>Wir unterst\u00fctzen Sie mit klarer Ausrichtung, praxisnaher Umsetzung und vertrauensvollen Verbindungen.<br><br>Sie arbeiten direkt mit jemandem zusammen, der den Wert von Vertrauen, Fokus und Verbindlichkeit versteht \u2013 unterst\u00fctzt von einem wachsenden Netzwerk zuverl\u00e4ssiger Partner mit derselben Haltung.\n<\/div><div class=\"bde-button-431-262 bde-button\">\n    \n                                    \n    \n    \n    \n    \n            \n                    \n            \n            \n\n    \n    \n    \n    \n    \n    <a class=\"breakdance-link button-atom button-atom--custom bde-button__button\" href=\"\/de\/#contact\" target=\"_self\" data-type=\"url\"  >\n\n    \n        <span class=\"button-atom__text\">Lassen Sie uns ins Gespr\u00e4ch kommen.<\/span>\n\n        \n        \n                <\/a>\n\n    \n\n\n<\/div>\n<\/div><div class=\"bde-column-431-224 bde-column\">\n  \n  \n\t\n\n\n\n<img decoding=\"async\" class=\"bde-image2-431-313 bde-image2\" src=\"https:\/\/wempos.com\/wp-content\/uploads\/2025\/05\/0fe03b6f-039f-4686-a68e-21c80f8eaaa9.webp\" loading=\"lazy\" srcset=\"https:\/\/wempos.com\/wp-content\/uploads\/2025\/05\/0fe03b6f-039f-4686-a68e-21c80f8eaaa9.webp 1024w, https:\/\/wempos.com\/wp-content\/uploads\/2025\/05\/0fe03b6f-039f-4686-a68e-21c80f8eaaa9-300x300.webp 300w, https:\/\/wempos.com\/wp-content\/uploads\/2025\/05\/0fe03b6f-039f-4686-a68e-21c80f8eaaa9-150x150.webp 150w, https:\/\/wempos.com\/wp-content\/uploads\/2025\/05\/0fe03b6f-039f-4686-a68e-21c80f8eaaa9-768x768.webp 768w, https:\/\/wempos.com\/wp-content\/uploads\/2025\/05\/0fe03b6f-039f-4686-a68e-21c80f8eaaa9-12x12.webp 12w\" sizes=\"(max-width: 1024px) 100vw, 1024px\">\n<\/div><\/div><\/div>\n<\/section>","protected":false},"excerpt":{"rendered":"<p>Business execution that brings clarity and results We support companies in navigating complex business decisions and turning strategy into measurable progress.Whether you&#8217;re entering a new market, refining operations, or managing supply partners, we work alongside your team to create structure, reduce risks, and keep execution sharp.With over two decades of hands-on experience in B2B sales, [&hellip;]<\/p>","protected":false},"author":2,"featured_media":0,"parent":0,"menu_order":0,"comment_status":"closed","ping_status":"closed","template":"","meta":{"_acf_changed":false,"_breakdance_hide_in_design_set":false,"_breakdance_tags":"","footnotes":""},"class_list":["post-431","page","type-page","status-publish","hentry"],"acf":[],"_links":{"self":[{"href":"https:\/\/wempos.com\/de\/wp-json\/wp\/v2\/pages\/431","targetHints":{"allow":["GET"]}}],"collection":[{"href":"https:\/\/wempos.com\/de\/wp-json\/wp\/v2\/pages"}],"about":[{"href":"https:\/\/wempos.com\/de\/wp-json\/wp\/v2\/types\/page"}],"author":[{"embeddable":true,"href":"https:\/\/wempos.com\/de\/wp-json\/wp\/v2\/users\/2"}],"replies":[{"embeddable":true,"href":"https:\/\/wempos.com\/de\/wp-json\/wp\/v2\/comments?post=431"}],"version-history":[{"count":27,"href":"https:\/\/wempos.com\/de\/wp-json\/wp\/v2\/pages\/431\/revisions"}],"predecessor-version":[{"id":628,"href":"https:\/\/wempos.com\/de\/wp-json\/wp\/v2\/pages\/431\/revisions\/628"}],"wp:attachment":[{"href":"https:\/\/wempos.com\/de\/wp-json\/wp\/v2\/media?parent=431"}],"curies":[{"name":"wp","href":"https:\/\/api.w.org\/{rel}","templated":true}]}}